{"id":106,"date":"2024-11-04T14:05:15","date_gmt":"2024-11-04T14:05:15","guid":{"rendered":"https:\/\/yesilkitap.com\/?page_id=106"},"modified":"2025-05-16T12:43:09","modified_gmt":"2025-05-16T12:43:09","slug":"kitap-yayinlatma","status":"publish","type":"page","link":"https:\/\/yesilkitap.com\/index.php\/kitap-yayinlatma\/","title":{"rendered":"Kitap Yay\u0131nlatma"},"content":{"rendered":"\t\t<div data-elementor-type=\"wp-page\" data-elementor-id=\"106\" class=\"elementor elementor-106\">\n\t\t\t\t\t\t<section class=\"elementor-section elementor-top-section elementor-element elementor-element-33965112 elementor-section-boxed elementor-section-height-default elementor-section-height-default\" data-id=\"33965112\" data-element_type=\"section\" data-settings=\"{&quot;background_background&quot;:&quot;classic&quot;}\">\n\t\t\t\t\t\t\t<div class=\"elementor-background-overlay\"><\/div>\n\t\t\t\t\t\t\t<div class=\"elementor-container elementor-column-gap-default\">\n\t\t\t\t\t<div class=\"elementor-column elementor-col-100 elementor-top-column elementor-element elementor-element-579a3e2b\" data-id=\"579a3e2b\" data-element_type=\"column\">\n\t\t\t<div class=\"elementor-widget-wrap elementor-element-populated\">\n\t\t\t\t\t\t<div class=\"elementor-element elementor-element-69f5dedd elementor-widget elementor-widget-heading\" data-id=\"69f5dedd\" data-element_type=\"widget\" data-widget_type=\"heading.default\">\n\t\t\t\t<div class=\"elementor-widget-container\">\n\t\t\t\t\t<h2 class=\"elementor-heading-title elementor-size-default\">Kitap Ayd\u0131nlatma<\/h2>\t\t\t\t<\/div>\n\t\t\t\t<\/div>\n\t\t\t\t<div class=\"elementor-element elementor-element-645577d7 elementor-align-center elementor-icon-list--layout-inline elementor-mobile-align-center elementor-list-item-link-full_width elementor-widget elementor-widget-icon-list\" data-id=\"645577d7\" data-element_type=\"widget\" data-widget_type=\"icon-list.default\">\n\t\t\t\t<div class=\"elementor-widget-container\">\n\t\t\t\t\t\t\t<ul class=\"elementor-icon-list-items elementor-inline-items\">\n\t\t\t\t\t\t\t<li class=\"elementor-icon-list-item elementor-inline-item\">\n\t\t\t\t\t\t\t\t\t\t<span class=\"elementor-icon-list-text\">Anasayfa<\/span>\n\t\t\t\t\t\t\t\t\t<\/li>\n\t\t\t\t\t\t\t\t<li class=\"elementor-icon-list-item elementor-inline-item\">\n\t\t\t\t\t\t\t\t\t\t\t<span class=\"elementor-icon-list-icon\">\n\t\t\t\t\t\t\t<svg aria-hidden=\"true\" class=\"e-font-icon-svg e-fas-chevron-right\" viewBox=\"0 0 320 512\" xmlns=\"http:\/\/www.w3.org\/2000\/svg\"><path d=\"M285.476 272.971L91.132 467.314c-9.373 9.373-24.569 9.373-33.941 0l-22.667-22.667c-9.357-9.357-9.375-24.522-.04-33.901L188.505 256 34.484 101.255c-9.335-9.379-9.317-24.544.04-33.901l22.667-22.667c9.373-9.373 24.569-9.373 33.941 0L285.475 239.03c9.373 9.372 9.373 24.568.001 33.941z\"><\/path><\/svg>\t\t\t\t\t\t<\/span>\n\t\t\t\t\t\t\t\t\t\t<span class=\"elementor-icon-list-text\">Kitap Ayd\u0131nlatma<\/span>\n\t\t\t\t\t\t\t\t\t<\/li>\n\t\t\t\t\t\t<\/ul>\n\t\t\t\t\t\t<\/div>\n\t\t\t\t<\/div>\n\t\t\t\t\t<\/div>\n\t\t<\/div>\n\t\t\t\t\t<\/div>\n\t\t<\/section>\n\t\t<div class=\"elementor-element elementor-element-f591440 e-flex e-con-boxed e-con e-parent\" data-id=\"f591440\" data-element_type=\"container\">\n\t\t\t\t\t<div class=\"e-con-inner\">\n\t\t\t\t<div class=\"elementor-element elementor-element-c9cd330 elementor-widget elementor-widget-text-editor\" data-id=\"c9cd330\" data-element_type=\"widget\" data-widget_type=\"text-editor.default\">\n\t\t\t\t<div class=\"elementor-widget-container\">\n\t\t\t\t\t\t\t\t\t<h1>Kitap Yay\u0131mlatma<\/h1><p>K\u0131ymetli Yazar,<\/p><p>Kadim Yay\u0131nlar\u0131&#8217;na ho\u015fgeldiniz.<\/p><p>\u00c7al\u0131\u015fman\u0131z\u0131 yay\u0131nevimizden yay\u0131mlatmak istiyorsan\u0131z l\u00fctfen a\u015fa\u011f\u0131daki s\u00fcreci takip ediniz.<\/p><ul><li>\u00c7al\u0131\u015fman\u0131z\u0131n 500 kelimeyi ge\u00e7meyen \u00f6zetini,<\/li><li>\u00c7al\u0131\u015fman\u0131z\u0131n son halini,<\/li><li>\u00c7al\u0131\u015fman\u0131z ile birlikte ileti\u015fim bilgilerinizin yer ald\u0131\u011f\u0131 k\u0131sa \u00f6zge\u00e7mi\u015finizi\u00a0<a href=\"mailto:kadimyay@gmail.com\">kadimeditor@gmail.com<\/a>\u00a0email adresimize g\u00f6nderiniz.<\/li><li>\u00c7al\u0131\u015fman\u0131z\u0131n yay\u0131m\u0131 konusunda 30 g\u00fcn i\u00e7inde size bilgi verilecektir.<\/li><li>Yay\u0131mlanacak \u00e7al\u0131\u015fma yay\u0131nevinin ilkelerine uygun olmad\u0131\u011f\u0131 takdirde \u00e7al\u0131\u015fman\u0131z iade edilecektir.<\/li><\/ul><p>ilginiz i\u00e7in te\u015fekk\u00fcr ediyor, iyi \u00e7al\u0131\u015fmalar diliyoruz.<\/p><p>\u00a0<\/p><p><strong>Kadim Yay\u0131nlar\u0131 &#8211; Yazara Notlar<\/strong><\/p><p><strong>Eserin Ba\u015fl\u0131kland\u0131rma \u015eekli<\/strong><\/p><p><strong>\u0130\u00c7\u0130NDEK\u0130LER<\/strong><\/p><p><strong>G\u0130R\u0130\u015e<\/strong><\/p><p><strong>B\u0130R\u0130NC\u0130 B\u00d6L\u00dcM<\/strong><\/p><p><strong>I.<\/strong><\/p><p><strong>\u00a0 \u00a0 A.<\/strong><\/p><p><strong>\u00a0 \u00a0 B.<\/strong><\/p><p><strong>\u00a0 \u00a0 \u00a0 1.<\/strong><\/p><p><strong>\u00a0 \u00a0 \u00a0 2.<\/strong><\/p><p><strong>II.<\/strong><\/p><p><strong>\u00a0 \u00a0A.<\/strong><\/p><p><strong>\u00a0 \u00a0B.<\/strong><\/p><p><strong>\u00a0 \u00a0 \u00a0 1.<\/strong><\/p><p><strong>\u00a0 \u00a0 \u00a0 2.<\/strong><\/p><p><strong>\u00a0 \u00a0 \u00a0 \u00a0 a.<\/strong><\/p><p><strong>\u00a0 \u00a0 \u00a0 \u00a0 b.<\/strong><\/p><p><strong>NOTLAR<\/strong><\/p><p><strong>\u0130K\u0130NC\u0130 B\u00d6L\u00dcM<\/strong><\/p><p><strong>\u00a0 \u00a0 A.<\/strong><\/p><p><strong>\u00a0 \u00a0 B.<\/strong><\/p><p><strong>II.<\/strong><\/p><p><strong>NOTLAR<\/strong><\/p><p><strong>SONU\u00c7<\/strong><\/p><p><strong>KAYNAK\u00c7A<\/strong><\/p><p><strong>D\u0130Z\u0130N<\/strong><\/p><p>\u00a0<\/p><p><strong>Sonnot Olu\u015fturma Y\u00f6ntemi<\/strong><\/p><p><strong>Tek yazarl\u0131 kitap:<\/strong>\u00a0Yazar\u0131n ad\u0131 soyad\u0131,\u00a0<em>Kitab\u0131n ad\u0131 (italik olacak),<\/em>\u00a0(Bask\u0131 say\u0131s\u0131), Bas\u0131m Yeri: Yay\u0131nevi, Y\u0131l, sayfa numaras\u0131.<\/p><p><strong>Tek yazarl\u0131 makale:\u00a0<\/strong>Yazar\u0131n ad\u0131 soyad\u0131, \u201cMakalenin ad\u0131\u201d,\u00a0<em>Derginin ad\u0131 (italik olacak)<\/em>, Say\u0131: , Y\u0131l: , sayfa aral\u0131\u011f\u0131, sayfa numaras\u0131.<\/p><p><strong>\u0130ki yazarl\u0131 kitap:<\/strong>\u00a0Yazar\u0131n ad\u0131 soyad\u0131- di\u011fer yazar\u0131n ad\u0131 soyad\u0131,\u00a0<em>Kitab\u0131n ad\u0131 (italik olacak),<\/em>\u00a0(Bask\u0131 say\u0131s\u0131), Bas\u0131m Yeri: Yay\u0131nevi, Y\u0131l, Sayfa Numaras\u0131.<\/p><p><strong>\u0130ki yazarl\u0131 makale:\u00a0<\/strong>Yazar\u0131n ad\u0131 soyad\u0131- di\u011fer yazar\u0131n ad\u0131 soyad\u0131, \u201cMakalenin ad\u0131\u201d,\u00a0<em>Derginin ad (italik olacak)\u0131<\/em>, Say\u0131: , Y\u0131l: , sayfa aral\u0131\u011f\u0131, sayfa numaras\u0131.<\/p><p><strong>Kitap b\u00f6l\u00fcm\u00fc:\u00a0<\/strong>Yazar\u0131n ad\u0131 soyad\u0131, \u201cKitap b\u00f6l\u00fcm\u00fc\u201d,\u00a0<em>Kitab\u0131n ad\u0131 (italik olacak),<\/em>\u00a0(Bask\u0131 say\u0131s\u0131) i\u00e7inde (sayfa aral\u0131\u011f\u0131), Bas\u0131m Yeri: Yay\u0131nevi, Y\u0131l, sayfa numaras\u0131.<\/p><p><strong>\u00c7eviri kitap:\u00a0<\/strong>Yazar\u0131n ad\u0131 soyad\u0131,\u00a0<em>Kitab\u0131n ad\u0131 (italik olacak)<\/em>\u00a0(\u00e7ev. ad\u0131 soyad\u0131), Bas\u0131m Yeri: Yay\u0131nevi, Y\u0131l,\u00a0 sayfa numaras\u0131.<\/p><p><strong>Edit\u00f6rl\u00fc kitap:<\/strong>\u00a0Yazar\u0131n ad\u0131 soyad\u0131, (Ed).\u00a0<em>Kitab\u0131n ad\u0131 (italik olacak)<\/em>, (Bask\u0131 say\u0131s\u0131), Bas\u0131m Yeri: Yay\u0131nevi, Y\u0131l, sayfa numaras\u0131.<\/p><p><strong>Tezlerin kaynak\u00e7a g\u00f6sterimi:\u00a0<\/strong>Yazar\u0131n ad\u0131 soyad\u0131,\u00a0<em>Tezin ad\u0131<\/em>, Yay\u0131nlanmam\u0131\u015f Y\u00fcksek Lisans Tezi\\ Doktora Tezi, Tezi kabul eden Enstit\u00fcn\u00fcn ismi, \u00dcniversitenin bulundu\u011fu \u015fehrin ad\u0131, Y\u0131l, sayfa numaras\u0131.<\/p><p><strong>NOT:<\/strong>\u00a0Ayn\u0131 yazar eserinin birden fazla kullan\u0131lmas\u0131 durumunda; a.g.m,\u00a0<em>a.g.e.<\/em>\u00a0\u00a0\u00a0\u015feklinde referans g\u00f6sterilmektedir.<\/p><p>\u00a0<\/p><p><strong>Kaynak\u00e7a Olu\u015fturma Y\u00f6ntemi<\/strong><\/p><p>Metin i\u00e7inde g\u00f6sterilen t\u00fcm referanslar kaynak\u00e7ada yer almak zorundad\u0131r.<\/p><p>Kaynak\u00e7a alfabetik s\u0131raya g\u00f6re yap\u0131lmal\u0131d\u0131r.<\/p><p>Yazar\u0131n birden fazla kitab\u0131 kullan\u0131lm\u0131\u015f ise yay\u0131n y\u0131l\u0131 \u00f6nce olan s\u0131ralamada \u00f6nce gelir. Yazar\u0131n hem tek ba\u015f\u0131na hem de birden \u00e7ok yazarl\u0131 ortak \u00e7al\u0131\u015fmas\u0131 varsa o halde tarih dikkate al\u0131nmadan tek yazarl\u0131 eser s\u0131ralamada \u00f6nce gelir.<\/p><p><strong>Tek yazarl\u0131 kitap:\u00a0<\/strong>Yazar\u0131n soyad\u0131, yazar\u0131n ad\u0131,\u00a0<em>Kitab\u0131n ad\u0131 (italik olacak),<\/em>\u00a0(Bask\u0131 say\u0131s\u0131), Bas\u0131m Yeri: Yay\u0131nevi, Y\u0131l.<\/p><p><strong>Tek yazarl\u0131 makale:\u00a0<\/strong>Yazar\u0131n soyad\u0131, yazar\u0131n ad\u0131, \u201cMakalenin ad\u0131\u201d,\u00a0<em>Derginin ad\u0131 (italik olacak)<\/em>, Say\u0131: , Y\u0131l: , sayfa aral\u0131\u011f\u0131.<\/p><p><strong>\u0130ki yazarl\u0131 kitap:<\/strong>\u00a0Yazar\u0131n soyad\u0131, yazar\u0131n ad\u0131- di\u011fer yazar\u0131n soyad\u0131, di\u011fer yazar\u0131n ad\u0131,\u00a0<em>Kitab\u0131n ad\u0131 (italik olacak),\u00a0<\/em>\u00a0( Bask\u0131 say\u0131s\u0131). Bas\u0131m Yeri: Yay\u0131nevi, Y\u0131l.<\/p><p><strong>\u0130ki yazarl\u0131 makale:\u00a0<\/strong>Yazar\u0131n soyad\u0131, yazar\u0131n ad\u0131- di\u011fer yazar\u0131n soyad\u0131, di\u011fer yazar\u0131n ad\u0131, \u201cMakalenin ad\u0131\u201d,\u00a0<em>Derginin ad\u0131 (italik olacak)<\/em>, Say\u0131: , Y\u0131l: , sayfa aral\u0131\u011f\u0131.<\/p><p><strong>Kitap b\u00f6l\u00fcm\u00fc:\u00a0<\/strong>Yazar\u0131n soyad\u0131, yazar\u0131n ad\u0131, \u201cKitap b\u00f6l\u00fcm\u00fc\u201d,\u00a0<em>Kitab\u0131n ad\u0131 (italik olacak),<\/em>\u00a0(Bask\u0131 say\u0131s\u0131), i\u00e7inde (sayfa aral\u0131\u011f\u0131), Bas\u0131m Yeri: Yay\u0131nevi, Y\u0131l.<\/p><p><strong>\u00c7eviri kitap:\u00a0<\/strong>Yazar\u0131n soyad\u0131, yazar\u0131n ad\u0131.\u00a0<em>Kitab\u0131n ad\u0131 (italik olacak),<\/em>\u00a0(\u00e7ev. ad\u0131 soyad\u0131), Bas\u0131m Yeri: Yay\u0131nevi, Y\u0131l.<\/p><p><strong>Edit\u00f6rl\u00fc kitap:<\/strong>\u00a0Yazar\u0131n soyad\u0131, yazar\u0131n ad\u0131, (Ed).\u00a0<em>Kitab\u0131n ad\u0131 (italik olacak)<\/em>, (Bask\u0131 say\u0131s\u0131), Bas\u0131m Yeri: Yay\u0131nevi, Y\u0131l.<\/p><p><strong>Tezlerin kaynak\u00e7a g\u00f6sterimi:\u00a0<\/strong>Yazar\u0131n soyad\u0131, yazar\u0131n ad\u0131,\u00a0<em>Tezin ad\u0131 (italik olacak)<\/em>, Yay\u0131nlanmam\u0131\u015f Y\u00fcksek Lisans Tezi\\ Doktora Tezi, Tezi kabul eden Enstit\u00fcn\u00fcn ismi, \u00dcniversitenin bulundu\u011fu \u015fehrin ad\u0131, Y\u0131l.<\/p><p>\u00a0<\/p><p><strong>Yazarlardan Ricam\u0131z<\/strong><\/p><ul><li>G\u00f6nderilecek eserde, akademik \u00e7al\u0131\u015fmalarda g\u00f6r\u00fclen \u00e7al\u0131\u015fman\u0131n amac\u0131, y\u00f6ntemi gibi b\u00f6l\u00fcmlerin olmamas\u0131na\u00a0eserin hem\u00a0referans g\u00f6sterme y\u00f6ntemine hem de\u00a0<strong>Sonnot (B\u00f6l\u00fcm Sonuna)<\/strong>\u00a0ve\u00a0<strong>Kaynak\u00e7a<\/strong>\u00a0olu\u015fturma y\u00f6ntemine gerekse ba\u015fl\u0131kland\u0131rma y\u00f6ntemine dikkat edilmelidir.<\/li><\/ul>\t\t\t\t\t\t\t\t<\/div>\n\t\t\t\t<\/div>\n\t\t\t\t\t<\/div>\n\t\t\t\t<\/div>\n\t\t\t\t<\/div>\n\t\t","protected":false},"excerpt":{"rendered":"<p>Kitap Ayd\u0131nlatma Anasayfa Kitap Ayd\u0131nlatma Kitap Yay\u0131mlatma K\u0131ymetli Yazar, Kadim Yay\u0131nlar\u0131&#8217;na ho\u015fgeldiniz. \u00c7al\u0131\u015fman\u0131z\u0131 yay\u0131nevimizden yay\u0131mlatmak istiyorsan\u0131z l\u00fctfen a\u015fa\u011f\u0131daki s\u00fcreci takip ediniz. \u00c7al\u0131\u015fman\u0131z\u0131n 500 kelimeyi ge\u00e7meyen \u00f6zetini, \u00c7al\u0131\u015fman\u0131z\u0131n son halini, \u00c7al\u0131\u015fman\u0131z ile birlikte ileti\u015fim bilgilerinizin yer ald\u0131\u011f\u0131 k\u0131sa \u00f6zge\u00e7mi\u015finizi\u00a0kadimeditor@gmail.com\u00a0email adresimize g\u00f6nderiniz. \u00c7al\u0131\u015fman\u0131z\u0131n yay\u0131m\u0131 konusunda 30 g\u00fcn i\u00e7inde size bilgi verilecektir. Yay\u0131mlanacak \u00e7al\u0131\u015fma yay\u0131nevinin ilkelerine uygun olmad\u0131\u011f\u0131 [&hellip;]<\/p>\n","protected":false},"author":2,"featured_media":0,"parent":0,"menu_order":0,"comment_status":"closed","ping_status":"closed","template":"elementor_header_footer","meta":{"footnotes":""},"class_list":["post-106","page","type-page","status-publish","hentry"],"_links":{"self":[{"href":"https:\/\/yesilkitap.com\/index.php\/wp-json\/wp\/v2\/pages\/106","targetHints":{"allow":["GET"]}}],"collection":[{"href":"https:\/\/yesilkitap.com\/index.php\/wp-json\/wp\/v2\/pages"}],"about":[{"href":"https:\/\/yesilkitap.com\/index.php\/wp-json\/wp\/v2\/types\/page"}],"author":[{"embeddable":true,"href":"https:\/\/yesilkitap.com\/index.php\/wp-json\/wp\/v2\/users\/2"}],"replies":[{"embeddable":true,"href":"https:\/\/yesilkitap.com\/index.php\/wp-json\/wp\/v2\/comments?post=106"}],"version-history":[{"count":7,"href":"https:\/\/yesilkitap.com\/index.php\/wp-json\/wp\/v2\/pages\/106\/revisions"}],"predecessor-version":[{"id":840,"href":"https:\/\/yesilkitap.com\/index.php\/wp-json\/wp\/v2\/pages\/106\/revisions\/840"}],"wp:attachment":[{"href":"https:\/\/yesilkitap.com\/index.php\/wp-json\/wp\/v2\/media?parent=106"}],"curies":[{"name":"wp","href":"https:\/\/api.w.org\/{rel}","templated":true}]}}